{"id":1032,"date":"2021-09-04T13:57:54","date_gmt":"2021-09-04T11:57:54","guid":{"rendered":"http:\/\/laiabadenas.com\/?page_id=1032"},"modified":"2021-09-23T21:49:24","modified_gmt":"2021-09-23T19:49:24","slug":"la-distancia-ens-apropa","status":"publish","type":"page","link":"https:\/\/laiabadenas.com\/eng\/la-distancia-ens-apropa\/","title":{"rendered":"The distance brings us closer"},"content":{"rendered":"<div data-elementor-type=\"wp-page\" data-elementor-id=\"1032\" class=\"elementor elementor-1032\">\n\t\t\t\t\t\t<section class=\"elementor-section elementor-top-section elementor-element elementor-element-6032f77 elementor-section-boxed elementor-section-height-default elementor-section-height-default\" data-id=\"6032f77\" data-element_type=\"section\" data-e-type=\"section\">\n\t\t\t\t\t\t<div class=\"elementor-container elementor-column-gap-default\">\n\t\t\t\t\t<div class=\"elementor-column elementor-col-100 elementor-top-column elementor-element elementor-element-ce9b937\" data-id=\"ce9b937\" data-element_type=\"column\" data-e-type=\"column\">\n\t\t\t<div class=\"elementor-widget-wrap elementor-element-populated\">\n\t\t\t\t\t\t<div class=\"elementor-element elementor-element-12de0a0 elementor-widget elementor-widget-heading\" data-id=\"12de0a0\" data-element_type=\"widget\" data-e-type=\"widget\" data-widget_type=\"heading.default\">\n\t\t\t\t<div class=\"elementor-widget-container\">\n\t\t\t\t\t<h2 class=\"elementor-heading-title elementor-size-default\">The distance brings us closer<\/h2>\t\t\t\t<\/div>\n\t\t\t\t<\/div>\n\t\t\t\t\t<\/div>\n\t\t<\/div>\n\t\t\t\t\t<\/div>\n\t\t<\/section>\n\t\t\t\t<section class=\"elementor-section elementor-top-section elementor-element elementor-element-ae75ea0 elementor-section-boxed elementor-section-height-default elementor-section-height-default\" data-id=\"ae75ea0\" data-element_type=\"section\" data-e-type=\"section\">\n\t\t\t\t\t\t<div class=\"elementor-container elementor-column-gap-default\">\n\t\t\t\t\t<div class=\"elementor-column elementor-col-50 elementor-top-column elementor-element elementor-element-9f3943f\" data-id=\"9f3943f\" data-element_type=\"column\" data-e-type=\"column\">\n\t\t\t<div class=\"elementor-widget-wrap elementor-element-populated\">\n\t\t\t\t\t\t<div class=\"elementor-element elementor-element-6ceca5e elementor-widget elementor-widget-text-editor\" data-id=\"6ceca5e\" data-element_type=\"widget\" data-e-type=\"widget\" data-widget_type=\"text-editor.default\">\n\t\t\t\t<div class=\"elementor-widget-container\">\n\t\t\t\t\t\t\t\t\t<p>\u00a0<\/p><p>\u00a0<\/p><p>Disseny de la campanya de desescalada del confinament<\/p><p>Client: Fictici (Ajuntament de Barcelona)<\/p><p>Colaboraci\u00f3: Ana Habash<\/p><p>\u00a0<\/p><p>El 2020 hem viscut la pand\u00e8mia mundial m\u00e9s gran que s\u2019havia vist en anys. La transmissi\u00f3 a\u00e8ria del virus \u00e9s rapid\u00edssima i la provabilitat de cont\u00e0gi molt altra si estem aprop. La dist\u00e0ncia entre la gent ha estat fundamental per la lluita contra la Covid-19. Com m\u00e9s lluny est\u00e0vem de la gent, m\u00e9s baix\u00e0ven els casos i aviat s\u2019acabava el confinament. A partir d\u2019aquesta premisa, la dist\u00e0ncia era clau per, en un futur, poder-nos apropar. \u201cLa dist\u00e0ncia ens apropa\u201d com a claim va ser l\u2019inici de sortida d\u2019aquesta campanya.<\/p>\t\t\t\t\t\t\t\t<\/div>\n\t\t\t\t<\/div>\n\t\t\t\t\t<\/div>\n\t\t<\/div>\n\t\t\t\t<div class=\"elementor-column elementor-col-50 elementor-top-column elementor-element elementor-element-fe4d2b9\" data-id=\"fe4d2b9\" data-element_type=\"column\" data-e-type=\"column\">\n\t\t\t<div class=\"elementor-widget-wrap\">\n\t\t\t\t\t\t\t<\/div>\n\t\t<\/div>\n\t\t\t\t\t<\/div>\n\t\t<\/section>\n\t\t\t\t<section class=\"elementor-section elementor-top-section elementor-element elementor-element-9e0ed55 elementor-section-boxed elementor-section-height-default elementor-section-height-default\" data-id=\"9e0ed55\" data-element_type=\"section\" data-e-type=\"section\">\n\t\t\t\t\t\t<div class=\"elementor-container elementor-column-gap-default\">\n\t\t\t\t\t<div class=\"elementor-column elementor-col-100 elementor-top-column elementor-element elementor-element-8ac5251\" data-id=\"8ac5251\" data-element_type=\"column\" data-e-type=\"column\">\n\t\t\t<div class=\"elementor-widget-wrap elementor-element-populated\">\n\t\t\t\t\t\t<div class=\"elementor-element elementor-element-d9018b4 elementor-widget elementor-widget-shortcode\" data-id=\"d9018b4\" data-element_type=\"widget\" data-e-type=\"widget\" data-widget_type=\"shortcode.default\">\n\t\t\t\t<div class=\"elementor-widget-container\">\n\t\t\t\t\t\t\t<div class=\"elementor-shortcode\">\n<div class=\"vp-portfolio vp-uid-b1d50a58 vp-id-1409\"\n\tdata-vp-layout=\"tiles\" data-vp-content-source=\"\" data-vp-items-style=\"fade\" data-vp-items-click-action=\"url\" data-vp-items-gap=\"15\" data-vp-items-gap-vertical=\"\" data-vp-pagination=\"load-more\" data-vp-next-page-url=\"\" data-vp-tiles-type=\"3|1,1|\" >\n\t<div class=\"vp-portfolio__preloader-wrap\">\n\t\t<div class=\"vp-portfolio__preloader\">\n\t\t\t<img decoding=\"async\" loading=\"eager\" src=\"https:\/\/laiabadenas.com\/wp-content\/plugins\/visual-portfolio\/assets\/images\/logo-dark.svg\" alt=\"Visual Portfolio, Posts &amp; Image Gallery for WordPress\" width=\"20\" height=\"20\" data-skip-lazy>\n\t\t<\/div>\n\t<\/div>\n\t\t<div class=\"vp-portfolio__items-wrap\">\n\t\t\t\n<div class=\"vp-portfolio__items vp-portfolio__items-style-fade vp-portfolio__items-show-overlay-hover\">\n\n\t\t<div\t\tclass=\"vp-portfolio__item-wrap vp-portfolio__item-uid-ee8f564f\" data-vp-filter=\"\" \t\t>\n\t\t\t\t\t\t\t\t\t<figure class=\"vp-portfolio__item\">\n\t\t\t\t\n<div class=\"vp-portfolio__item-img-wrap\">\n\t<div class=\"vp-portfolio__item-img\">\n\t\t\t<a\n\t\thref=\"https:\/\/laiabadenas.com\/eng\/portfolio\/botiga\/\"\n\t\t\t>\n\t\n\t\t<noscript><img fetchpriority=\"high\" decoding=\"async\" width=\"1201\" height=\"900\" data-skip-lazy src=\"https:\/\/laiabadenas.com\/wp-content\/uploads\/visual-portfolio\/placeholder.png\" class=\"wp-image-974\" alt=\"\" srcset=\"https:\/\/laiabadenas.com\/wp-content\/uploads\/visual-portfolio\/placeholder.png 1201w, https:\/\/laiabadenas.com\/wp-content\/uploads\/visual-portfolio\/placeholder-600x450.png 600w, https:\/\/laiabadenas.com\/wp-content\/uploads\/visual-portfolio\/placeholder-300x225.png 300w, https:\/\/laiabadenas.com\/wp-content\/uploads\/visual-portfolio\/placeholder-1024x767.png 1024w, https:\/\/laiabadenas.com\/wp-content\/uploads\/visual-portfolio\/placeholder-768x576.png 768w, https:\/\/laiabadenas.com\/wp-content\/uploads\/visual-portfolio\/placeholder-500x375.png 500w, https:\/\/laiabadenas.com\/wp-content\/uploads\/visual-portfolio\/placeholder-800x600.png 800w\" sizes=\"(max-width: 1201px) 100vw, 1201px\" \/><\/noscript><img decoding=\"async\" width=\"1201\" height=\"900\" src=\"https:\/\/laiabadenas.com\/wp-content\/uploads\/visual-portfolio\/placeholder.png\" class=\"wp-image-974 vp-lazyload\" alt srcset=\"data:image\/svg+xml;base64,PHN2ZyB3aWR0aD0iMTIwMSIgaGVpZ2h0PSI5MDAiIHZpZXdCb3g9IjAgMCAxMjAxIDkwMCIgZmlsbD0ibm9uZSIgeG1sbnM9Imh0dHA6Ly93d3cudzMub3JnLzIwMDAvc3ZnIj48L3N2Zz4=\" data-src=\"https:\/\/laiabadenas.com\/wp-content\/uploads\/visual-portfolio\/placeholder.png\" data-srcset=\"https:\/\/laiabadenas.com\/wp-content\/uploads\/visual-portfolio\/placeholder.png 1201w, https:\/\/laiabadenas.com\/wp-content\/uploads\/visual-portfolio\/placeholder-600x450.png 600w, https:\/\/laiabadenas.com\/wp-content\/uploads\/visual-portfolio\/placeholder-300x225.png 300w, https:\/\/laiabadenas.com\/wp-content\/uploads\/visual-portfolio\/placeholder-1024x767.png 1024w, https:\/\/laiabadenas.com\/wp-content\/uploads\/visual-portfolio\/placeholder-768x576.png 768w, https:\/\/laiabadenas.com\/wp-content\/uploads\/visual-portfolio\/placeholder-500x375.png 500w, https:\/\/laiabadenas.com\/wp-content\/uploads\/visual-portfolio\/placeholder-800x600.png 800w\" data-sizes=\"auto\" loading=\"eager\">\n\t\t<\/a>\t<\/div>\n<\/div>\n\t<figcaption class=\"vp-portfolio__item-overlay vp-portfolio__item-overlay-text-align-center\">\n\t\t<div class=\"vp-portfolio__item-meta-wrap vp-portfolio__custom-scrollbar\">\n\t\t\t\t<a\n\t\thref=\"https:\/\/laiabadenas.com\/eng\/portfolio\/botiga\/\"\n\t\ttabindex=\"-1\" class=\"vp-portfolio__item-meta\" \t>\n\t\n<h2 class=\"vp-portfolio__item-meta-title\">\n\tShop<\/h2>\n<\/a>\t\t<\/div>\n\t<\/figcaption>\n\t\t\t<\/figure>\n\t\t\t\t\t<\/div>\n\t\t\n\t\t<div\t\tclass=\"vp-portfolio__item-wrap vp-portfolio__item-uid-b0e38b43\" data-vp-filter=\"\" \t\t>\n\t\t\t\t\t\t\t\t\t<figure class=\"vp-portfolio__item\">\n\t\t\t\t\n<div class=\"vp-portfolio__item-img-wrap\">\n\t<div class=\"vp-portfolio__item-img\">\n\t\t\t<a\n\t\thref=\"https:\/\/laiabadenas.com\/eng\/portfolio\/illustracio\/\"\n\t\t\t>\n\t\n\t\t<noscript><img fetchpriority=\"high\" decoding=\"async\" width=\"1201\" height=\"900\" data-skip-lazy src=\"https:\/\/laiabadenas.com\/wp-content\/uploads\/visual-portfolio\/placeholder.png\" class=\"wp-image-974\" alt=\"\" srcset=\"https:\/\/laiabadenas.com\/wp-content\/uploads\/visual-portfolio\/placeholder.png 1201w, https:\/\/laiabadenas.com\/wp-content\/uploads\/visual-portfolio\/placeholder-600x450.png 600w, https:\/\/laiabadenas.com\/wp-content\/uploads\/visual-portfolio\/placeholder-300x225.png 300w, https:\/\/laiabadenas.com\/wp-content\/uploads\/visual-portfolio\/placeholder-1024x767.png 1024w, https:\/\/laiabadenas.com\/wp-content\/uploads\/visual-portfolio\/placeholder-768x576.png 768w, https:\/\/laiabadenas.com\/wp-content\/uploads\/visual-portfolio\/placeholder-500x375.png 500w, https:\/\/laiabadenas.com\/wp-content\/uploads\/visual-portfolio\/placeholder-800x600.png 800w\" sizes=\"(max-width: 1201px) 100vw, 1201px\" \/><\/noscript><img decoding=\"async\" width=\"1201\" height=\"900\" src=\"https:\/\/laiabadenas.com\/wp-content\/uploads\/visual-portfolio\/placeholder.png\" class=\"wp-image-974 vp-lazyload\" alt srcset=\"data:image\/svg+xml;base64,PHN2ZyB3aWR0aD0iMTIwMSIgaGVpZ2h0PSI5MDAiIHZpZXdCb3g9IjAgMCAxMjAxIDkwMCIgZmlsbD0ibm9uZSIgeG1sbnM9Imh0dHA6Ly93d3cudzMub3JnLzIwMDAvc3ZnIj48L3N2Zz4=\" data-src=\"https:\/\/laiabadenas.com\/wp-content\/uploads\/visual-portfolio\/placeholder.png\" data-srcset=\"https:\/\/laiabadenas.com\/wp-content\/uploads\/visual-portfolio\/placeholder.png 1201w, https:\/\/laiabadenas.com\/wp-content\/uploads\/visual-portfolio\/placeholder-600x450.png 600w, https:\/\/laiabadenas.com\/wp-content\/uploads\/visual-portfolio\/placeholder-300x225.png 300w, https:\/\/laiabadenas.com\/wp-content\/uploads\/visual-portfolio\/placeholder-1024x767.png 1024w, https:\/\/laiabadenas.com\/wp-content\/uploads\/visual-portfolio\/placeholder-768x576.png 768w, https:\/\/laiabadenas.com\/wp-content\/uploads\/visual-portfolio\/placeholder-500x375.png 500w, https:\/\/laiabadenas.com\/wp-content\/uploads\/visual-portfolio\/placeholder-800x600.png 800w\" data-sizes=\"auto\" loading=\"eager\">\n\t\t<\/a>\t<\/div>\n<\/div>\n\t<figcaption class=\"vp-portfolio__item-overlay vp-portfolio__item-overlay-text-align-center\">\n\t\t<div class=\"vp-portfolio__item-meta-wrap vp-portfolio__custom-scrollbar\">\n\t\t\t\t<a\n\t\thref=\"https:\/\/laiabadenas.com\/eng\/portfolio\/illustracio\/\"\n\t\ttabindex=\"-1\" class=\"vp-portfolio__item-meta\" \t>\n\t\n<h2 class=\"vp-portfolio__item-meta-title\">\n\tIllustration<\/h2>\n<\/a>\t\t<\/div>\n\t<\/figcaption>\n\t\t\t<\/figure>\n\t\t\t\t\t<\/div>\n\t\t\n\t\t<div\t\tclass=\"vp-portfolio__item-wrap vp-portfolio__item-uid-1337d7c4\" data-vp-filter=\"\" \t\t>\n\t\t\t\t\t\t\t\t\t<figure class=\"vp-portfolio__item\">\n\t\t\t\t\n<div class=\"vp-portfolio__item-img-wrap\">\n\t<div class=\"vp-portfolio__item-img\">\n\t\t\t<a\n\t\thref=\"https:\/\/laiabadenas.com\/eng\/portfolio\/portfolio1\/\"\n\t\t\t>\n\t\n\t\t<noscript><img fetchpriority=\"high\" decoding=\"async\" width=\"1201\" height=\"900\" data-skip-lazy src=\"https:\/\/laiabadenas.com\/wp-content\/uploads\/visual-portfolio\/placeholder.png\" class=\"wp-image-974\" alt=\"\" srcset=\"https:\/\/laiabadenas.com\/wp-content\/uploads\/visual-portfolio\/placeholder.png 1201w, https:\/\/laiabadenas.com\/wp-content\/uploads\/visual-portfolio\/placeholder-600x450.png 600w, https:\/\/laiabadenas.com\/wp-content\/uploads\/visual-portfolio\/placeholder-300x225.png 300w, https:\/\/laiabadenas.com\/wp-content\/uploads\/visual-portfolio\/placeholder-1024x767.png 1024w, https:\/\/laiabadenas.com\/wp-content\/uploads\/visual-portfolio\/placeholder-768x576.png 768w, https:\/\/laiabadenas.com\/wp-content\/uploads\/visual-portfolio\/placeholder-500x375.png 500w, https:\/\/laiabadenas.com\/wp-content\/uploads\/visual-portfolio\/placeholder-800x600.png 800w\" sizes=\"(max-width: 1201px) 100vw, 1201px\" \/><\/noscript><img decoding=\"async\" width=\"1201\" height=\"900\" src=\"https:\/\/laiabadenas.com\/wp-content\/uploads\/visual-portfolio\/placeholder.png\" class=\"wp-image-974 vp-lazyload\" alt srcset=\"data:image\/svg+xml;base64,PHN2ZyB3aWR0aD0iMTIwMSIgaGVpZ2h0PSI5MDAiIHZpZXdCb3g9IjAgMCAxMjAxIDkwMCIgZmlsbD0ibm9uZSIgeG1sbnM9Imh0dHA6Ly93d3cudzMub3JnLzIwMDAvc3ZnIj48L3N2Zz4=\" data-src=\"https:\/\/laiabadenas.com\/wp-content\/uploads\/visual-portfolio\/placeholder.png\" data-srcset=\"https:\/\/laiabadenas.com\/wp-content\/uploads\/visual-portfolio\/placeholder.png 1201w, https:\/\/laiabadenas.com\/wp-content\/uploads\/visual-portfolio\/placeholder-600x450.png 600w, https:\/\/laiabadenas.com\/wp-content\/uploads\/visual-portfolio\/placeholder-300x225.png 300w, https:\/\/laiabadenas.com\/wp-content\/uploads\/visual-portfolio\/placeholder-1024x767.png 1024w, https:\/\/laiabadenas.com\/wp-content\/uploads\/visual-portfolio\/placeholder-768x576.png 768w, https:\/\/laiabadenas.com\/wp-content\/uploads\/visual-portfolio\/placeholder-500x375.png 500w, https:\/\/laiabadenas.com\/wp-content\/uploads\/visual-portfolio\/placeholder-800x600.png 800w\" data-sizes=\"auto\" loading=\"eager\">\n\t\t<\/a>\t<\/div>\n<\/div>\n\t<figcaption class=\"vp-portfolio__item-overlay vp-portfolio__item-overlay-text-align-center\">\n\t\t<div class=\"vp-portfolio__item-meta-wrap vp-portfolio__custom-scrollbar\">\n\t\t\t\t<a\n\t\thref=\"https:\/\/laiabadenas.com\/eng\/portfolio\/portfolio1\/\"\n\t\ttabindex=\"-1\" class=\"vp-portfolio__item-meta\" \t>\n\t\n<h2 class=\"vp-portfolio__item-meta-title\">\n\tPORTFOLIO1<\/h2>\n<\/a>\t\t<\/div>\n\t<\/figcaption>\n\t\t\t<\/figure>\n\t\t\t\t\t<\/div>\n\t\t\n<\/div>\n\t\t<\/div>\n\t\t\n<\/div>\n<\/div>\n\t\t\t\t\t\t<\/div>\n\t\t\t\t<\/div>\n\t\t\t\t\t<\/div>\n\t\t<\/div>\n\t\t\t\t\t<\/div>\n\t\t<\/section>\n\t\t\t\t<\/div>","protected":false},"excerpt":{"rendered":"<p>La dist\u00e0ncia ens apropa \u00a0 \u00a0 Disseny de la campanya de desescalada del confinament Client: Fictici (Ajuntament de Barcelona) Colaboraci\u00f3: [&hellip;]<\/p>","protected":false},"author":1,"featured_media":0,"parent":0,"menu_order":0,"comment_status":"closed","ping_status":"closed","template":"","meta":{"site-sidebar-layout":"default","site-content-layout":"","ast-site-content-layout":"","site-content-style":"default","site-sidebar-style":"default","ast-global-header-display":"","ast-banner-title-visibility":"","ast-main-header-display":"","ast-hfb-above-header-display":"","ast-hfb-below-header-display":"","ast-hfb-mobile-header-display":"","site-post-title":"","ast-breadcrumbs-content":"","ast-featured-img":"","footer-sml-layout":"","theme-transparent-header-meta":"","adv-header-id-meta":"","stick-header-meta":"","header-above-stick-meta":"","header-main-stick-meta":"","header-below-stick-meta":"","astra-migrate-meta-layouts":"default","ast-page-background-enabled":"default","ast-page-background-meta":{"desktop":{"background-color":"var(--ast-global-color-4)","background-image":"","background-repeat":"repeat","background-position":"center center","background-size":"auto","background-attachment":"scroll","background-type":"","background-media":"","overlay-type":"","overlay-color":"","overlay-opacity":"","overlay-gradient":""},"tablet":{"background-color":"","background-image":"","background-repeat":"repeat","background-position":"center center","background-size":"auto","background-attachment":"scroll","background-type":"","background-media":"","overlay-type":"","overlay-color":"","overlay-opacity":"","overlay-gradient":""},"mobile":{"background-color":"","background-image":"","background-repeat":"repeat","background-position":"center center","background-size":"auto","background-attachment":"scroll","background-type":"","background-media":"","overlay-type":"","overlay-color":"","overlay-opacity":"","overlay-gradient":""}},"ast-content-background-meta":{"desktop":{"background-color":"var(--ast-global-color-5)","background-image":"","background-repeat":"repeat","background-position":"center center","background-size":"auto","background-attachment":"scroll","background-type":"","background-media":"","overlay-type":"","overlay-color":"","overlay-opacity":"","overlay-gradient":""},"tablet":{"background-color":"var(--ast-global-color-5)","background-image":"","background-repeat":"repeat","background-position":"center center","background-size":"auto","background-attachment":"scroll","background-type":"","background-media":"","overlay-type":"","overlay-color":"","overlay-opacity":"","overlay-gradient":""},"mobile":{"background-color":"var(--ast-global-color-5)","background-image":"","background-repeat":"repeat","background-position":"center center","background-size":"auto","background-attachment":"scroll","background-type":"","background-media":"","overlay-type":"","overlay-color":"","overlay-opacity":"","overlay-gradient":""}},"_vp_format_video_url":"","_vp_image_focal_point":[],"footnotes":""},"class_list":["post-1032","page","type-page","status-publish","hentry"],"_links":{"self":[{"href":"https:\/\/laiabadenas.com\/eng\/wp-json\/wp\/v2\/pages\/1032"}],"collection":[{"href":"https:\/\/laiabadenas.com\/eng\/wp-json\/wp\/v2\/pages"}],"about":[{"href":"https:\/\/laiabadenas.com\/eng\/wp-json\/wp\/v2\/types\/page"}],"author":[{"embeddable":true,"href":"https:\/\/laiabadenas.com\/eng\/wp-json\/wp\/v2\/users\/1"}],"replies":[{"embeddable":true,"href":"https:\/\/laiabadenas.com\/eng\/wp-json\/wp\/v2\/comments?post=1032"}],"version-history":[{"count":7,"href":"https:\/\/laiabadenas.com\/eng\/wp-json\/wp\/v2\/pages\/1032\/revisions"}],"predecessor-version":[{"id":1487,"href":"https:\/\/laiabadenas.com\/eng\/wp-json\/wp\/v2\/pages\/1032\/revisions\/1487"}],"wp:attachment":[{"href":"https:\/\/laiabadenas.com\/eng\/wp-json\/wp\/v2\/media?parent=1032"}],"curies":[{"name":"wp","href":"https:\/\/api.w.org\/{rel}","templated":true}]}}