{"id":2926,"date":"2025-10-31T10:24:33","date_gmt":"2025-10-31T09:24:33","guid":{"rendered":"https:\/\/laiabadenas.com\/?page_id=2926"},"modified":"2026-01-29T10:23:36","modified_gmt":"2026-01-29T09:23:36","slug":"arrels","status":"publish","type":"page","link":"https:\/\/laiabadenas.com\/eng\/arrels\/","title":{"rendered":"ARRELS"},"content":{"rendered":"<div data-elementor-type=\"wp-page\" data-elementor-id=\"2926\" class=\"elementor elementor-2926\">\n\t\t\t\t\t\t<section class=\"elementor-section elementor-top-section elementor-element elementor-element-30bfe3d elementor-section-boxed elementor-section-height-default elementor-section-height-default\" data-id=\"30bfe3d\" data-element_type=\"section\" data-e-type=\"section\">\n\t\t\t\t\t\t<div class=\"elementor-container elementor-column-gap-default\">\n\t\t\t\t\t<div class=\"elementor-column elementor-col-100 elementor-top-column elementor-element elementor-element-3d29af3\" data-id=\"3d29af3\" data-element_type=\"column\" data-e-type=\"column\">\n\t\t\t<div class=\"elementor-widget-wrap elementor-element-populated\">\n\t\t\t\t\t\t<div class=\"elementor-element elementor-element-a4e2710 elementor-widget elementor-widget-spacer\" data-id=\"a4e2710\" data-element_type=\"widget\" data-e-type=\"widget\" data-widget_type=\"spacer.default\">\n\t\t\t\t<div class=\"elementor-widget-container\">\n\t\t\t\t\t\t\t<div class=\"elementor-spacer\">\n\t\t\t<div class=\"elementor-spacer-inner\"><\/div>\n\t\t<\/div>\n\t\t\t\t\t\t<\/div>\n\t\t\t\t<\/div>\n\t\t\t\t\t<\/div>\n\t\t<\/div>\n\t\t\t\t\t<\/div>\n\t\t<\/section>\n\t\t\t\t<section class=\"elementor-section elementor-top-section elementor-element elementor-element-47cbe8e elementor-section-boxed elementor-section-height-default elementor-section-height-default\" data-id=\"47cbe8e\" data-element_type=\"section\" data-e-type=\"section\">\n\t\t\t\t\t\t<div class=\"elementor-container elementor-column-gap-default\">\n\t\t\t\t\t<div class=\"elementor-column elementor-col-100 elementor-top-column elementor-element elementor-element-2e0fba3\" data-id=\"2e0fba3\" data-element_type=\"column\" data-e-type=\"column\">\n\t\t\t<div class=\"elementor-widget-wrap elementor-element-populated\">\n\t\t\t\t\t\t<div class=\"elementor-element elementor-element-5295e7d elementor-widget elementor-widget-heading\" data-id=\"5295e7d\" data-element_type=\"widget\" data-e-type=\"widget\" data-widget_type=\"heading.default\">\n\t\t\t\t<div class=\"elementor-widget-container\">\n\t\t\t\t\t<h2 class=\"elementor-heading-title elementor-size-default\">ARRELS<\/h2>\t\t\t\t<\/div>\n\t\t\t\t<\/div>\n\t\t\t\t\t<\/div>\n\t\t<\/div>\n\t\t\t\t\t<\/div>\n\t\t<\/section>\n\t\t\t\t<section class=\"elementor-section elementor-top-section elementor-element elementor-element-f8f9f67 elementor-section-boxed elementor-section-height-default elementor-section-height-default\" data-id=\"f8f9f67\" data-element_type=\"section\" data-e-type=\"section\">\n\t\t\t\t\t\t<div class=\"elementor-container elementor-column-gap-default\">\n\t\t\t\t\t<div class=\"elementor-column elementor-col-50 elementor-top-column elementor-element elementor-element-4249c08\" data-id=\"4249c08\" data-element_type=\"column\" data-e-type=\"column\">\n\t\t\t<div class=\"elementor-widget-wrap elementor-element-populated\">\n\t\t\t\t\t\t<div class=\"elementor-element elementor-element-b0bec9d elementor-widget__width-initial elementor-widget elementor-widget-text-editor\" data-id=\"b0bec9d\" data-element_type=\"widget\" data-e-type=\"widget\" data-widget_type=\"text-editor.default\">\n\t\t\t\t<div class=\"elementor-widget-container\">\n\t\t\t\t\t\t\t\t\t<p><span style=\"font-family: var( --e-global-typography-text-font-family ), Sans-serif; font-size: 1rem; font-style: inherit;\">Branding pel centre de fisioter\u00e0pia integrativa i hol\u00edstica Arrels<\/span><\/p><p><span style=\"font-family: var( --e-global-typography-text-font-family ), Sans-serif; font-size: 1rem; font-style: inherit;\">Client: N\u00faria Mart\u00ed Mart\u00ed, Fisioterapeuta\u00a0<\/span><\/p><p>\u00a0<\/p>\t\t\t\t\t\t\t\t<\/div>\n\t\t\t\t<\/div>\n\t\t\t\t\t<\/div>\n\t\t<\/div>\n\t\t\t\t<div class=\"elementor-column elementor-col-50 elementor-top-column elementor-element elementor-element-fea83e2\" data-id=\"fea83e2\" data-element_type=\"column\" data-e-type=\"column\">\n\t\t\t<div class=\"elementor-widget-wrap elementor-element-populated\">\n\t\t\t\t\t\t<div class=\"elementor-element elementor-element-2a4a9d0 elementor-widget__width-initial elementor-widget elementor-widget-image\" data-id=\"2a4a9d0\" data-element_type=\"widget\" data-e-type=\"widget\" data-widget_type=\"image.default\">\n\t\t\t\t<div class=\"elementor-widget-container\">\n\t\t\t\t\t\t\t\t\t\t\t\t\t\t\t<img fetchpriority=\"high\" decoding=\"async\" width=\"300\" height=\"300\" src=\"https:\/\/laiabadenas.com\/wp-content\/uploads\/ESPIRAL_ARRELS-02.png\" class=\"attachment-medium size-medium wp-image-2982\" alt=\"\" \/>\t\t\t\t\t\t\t\t\t\t\t\t\t\t\t<\/div>\n\t\t\t\t<\/div>\n\t\t\t\t\t<\/div>\n\t\t<\/div>\n\t\t\t\t\t<\/div>\n\t\t<\/section>\n\t\t\t\t<section class=\"elementor-section elementor-top-section elementor-element elementor-element-c791a97 elementor-section-boxed elementor-section-height-default elementor-section-height-default\" data-id=\"c791a97\" data-element_type=\"section\" data-e-type=\"section\">\n\t\t\t\t\t\t<div class=\"elementor-container elementor-column-gap-default\">\n\t\t\t\t\t<div class=\"elementor-column elementor-col-100 elementor-top-column elementor-element elementor-element-0215bdd\" data-id=\"0215bdd\" data-element_type=\"column\" data-e-type=\"column\">\n\t\t\t<div class=\"elementor-widget-wrap elementor-element-populated\">\n\t\t\t\t\t\t<div class=\"elementor-element elementor-element-15786a8 elementor-widget elementor-widget-shortcode\" data-id=\"15786a8\" data-element_type=\"widget\" data-e-type=\"widget\" data-widget_type=\"shortcode.default\">\n\t\t\t\t<div class=\"elementor-widget-container\">\n\t\t\t\t\t\t\t<div class=\"elementor-shortcode\">\n<div class=\"vp-portfolio vp-uid-ee8964f1 vp-id-2928\"\n\tdata-vp-layout=\"masonry\" data-vp-content-source=\"images\" data-vp-items-style=\"fade\" data-vp-items-click-action=\"\" data-vp-items-gap=\"15\" data-vp-items-gap-vertical=\"\" data-vp-pagination=\"load-more\" data-vp-next-page-url=\"\" data-vp-masonry-columns=\"3\" >\n\t<div class=\"vp-portfolio__preloader-wrap\">\n\t\t<div class=\"vp-portfolio__preloader\">\n\t\t\t<img decoding=\"async\" loading=\"eager\" src=\"https:\/\/laiabadenas.com\/wp-content\/plugins\/visual-portfolio\/assets\/images\/logo-dark.svg\" alt=\"Visual Portfolio, Posts &amp; Image Gallery for WordPress\" width=\"20\" height=\"20\" data-skip-lazy>\n\t\t<\/div>\n\t<\/div>\n\t\t<div class=\"vp-portfolio__items-wrap\">\n\t\t\t\n<div class=\"vp-portfolio__items vp-portfolio__items-style-fade vp-portfolio__items-show-overlay-hover\">\n\n\t\t<div\t\tclass=\"vp-portfolio__item-wrap vp-portfolio__item-uid-9586dc51\" data-vp-filter=\"\" \t\t>\n\t\t\t\t\t\t\t\t\t<figure class=\"vp-portfolio__item\">\n\t\t\t\t\n<div class=\"vp-portfolio__item-img-wrap\">\n\t<div class=\"vp-portfolio__item-img\">\n\t\t\n\t\t<noscript><img decoding=\"async\" width=\"1040\" height=\"856\" data-skip-lazy src=\"https:\/\/laiabadenas.com\/wp-content\/uploads\/Captura-de-pantalla-2025-10-31-a-les-10.25.28.png\" class=\"wp-image-2930\" alt=\"\" srcset=\"https:\/\/laiabadenas.com\/wp-content\/uploads\/Captura-de-pantalla-2025-10-31-a-les-10.25.28.png 1040w, https:\/\/laiabadenas.com\/wp-content\/uploads\/Captura-de-pantalla-2025-10-31-a-les-10.25.28-300x247.png 300w, https:\/\/laiabadenas.com\/wp-content\/uploads\/Captura-de-pantalla-2025-10-31-a-les-10.25.28-1024x843.png 1024w, https:\/\/laiabadenas.com\/wp-content\/uploads\/Captura-de-pantalla-2025-10-31-a-les-10.25.28-768x632.png 768w, https:\/\/laiabadenas.com\/wp-content\/uploads\/Captura-de-pantalla-2025-10-31-a-les-10.25.28-15x12.png 15w, https:\/\/laiabadenas.com\/wp-content\/uploads\/Captura-de-pantalla-2025-10-31-a-les-10.25.28-500x412.png 500w, https:\/\/laiabadenas.com\/wp-content\/uploads\/Captura-de-pantalla-2025-10-31-a-les-10.25.28-800x658.png 800w, https:\/\/laiabadenas.com\/wp-content\/uploads\/Captura-de-pantalla-2025-10-31-a-les-10.25.28-600x494.png 600w\" sizes=\"(max-width: 1040px) 100vw, 1040px\" \/><\/noscript><img decoding=\"async\" width=\"1040\" height=\"856\" src=\"https:\/\/laiabadenas.com\/wp-content\/uploads\/Captura-de-pantalla-2025-10-31-a-les-10.25.28.png\" class=\"wp-image-2930 vp-lazyload\" alt srcset=\"data:image\/svg+xml;base64,PHN2ZyB3aWR0aD0iMTA0MCIgaGVpZ2h0PSI4NTYiIHZpZXdCb3g9IjAgMCAxMDQwIDg1NiIgZmlsbD0ibm9uZSIgeG1sbnM9Imh0dHA6Ly93d3cudzMub3JnLzIwMDAvc3ZnIj48L3N2Zz4=\" data-src=\"https:\/\/laiabadenas.com\/wp-content\/uploads\/Captura-de-pantalla-2025-10-31-a-les-10.25.28.png\" data-srcset=\"https:\/\/laiabadenas.com\/wp-content\/uploads\/Captura-de-pantalla-2025-10-31-a-les-10.25.28.png 1040w, https:\/\/laiabadenas.com\/wp-content\/uploads\/Captura-de-pantalla-2025-10-31-a-les-10.25.28-300x247.png 300w, https:\/\/laiabadenas.com\/wp-content\/uploads\/Captura-de-pantalla-2025-10-31-a-les-10.25.28-1024x843.png 1024w, https:\/\/laiabadenas.com\/wp-content\/uploads\/Captura-de-pantalla-2025-10-31-a-les-10.25.28-768x632.png 768w, https:\/\/laiabadenas.com\/wp-content\/uploads\/Captura-de-pantalla-2025-10-31-a-les-10.25.28-15x12.png 15w, https:\/\/laiabadenas.com\/wp-content\/uploads\/Captura-de-pantalla-2025-10-31-a-les-10.25.28-500x412.png 500w, https:\/\/laiabadenas.com\/wp-content\/uploads\/Captura-de-pantalla-2025-10-31-a-les-10.25.28-800x658.png 800w, https:\/\/laiabadenas.com\/wp-content\/uploads\/Captura-de-pantalla-2025-10-31-a-les-10.25.28-600x494.png 600w\" data-sizes=\"auto\" loading=\"eager\">\n\t\t\t<\/div>\n<\/div>\n\t<div class=\"vp-portfolio__item-overlay\">\n\t\t\t<span\t\t class=\"vp-portfolio__item-meta\" \t>\n\t\t\t<\/span>\t<\/div>\n\t\t\t\t<\/figure>\n\t\t\t\t\t<\/div>\n\t\t\n\t\t<div\t\tclass=\"vp-portfolio__item-wrap vp-portfolio__item-uid-31efa45b\" data-vp-filter=\"\" \t\t>\n\t\t\t\t\t\t\t\t\t<figure class=\"vp-portfolio__item\">\n\t\t\t\t\n<div class=\"vp-portfolio__item-img-wrap\">\n\t<div class=\"vp-portfolio__item-img\">\n\t\t\n\t\t<noscript><img decoding=\"async\" width=\"362\" height=\"454\" data-skip-lazy src=\"https:\/\/laiabadenas.com\/wp-content\/uploads\/Captura-de-pantalla-2025-10-16-a-les-7.56.15.png\" class=\"wp-image-2933\" alt=\"\" srcset=\"https:\/\/laiabadenas.com\/wp-content\/uploads\/Captura-de-pantalla-2025-10-16-a-les-7.56.15.png 362w, https:\/\/laiabadenas.com\/wp-content\/uploads\/Captura-de-pantalla-2025-10-16-a-les-7.56.15-239x300.png 239w, https:\/\/laiabadenas.com\/wp-content\/uploads\/Captura-de-pantalla-2025-10-16-a-les-7.56.15-10x12.png 10w\" sizes=\"(max-width: 362px) 100vw, 362px\" \/><\/noscript><img decoding=\"async\" width=\"362\" height=\"454\" src=\"https:\/\/laiabadenas.com\/wp-content\/uploads\/Captura-de-pantalla-2025-10-16-a-les-7.56.15.png\" class=\"wp-image-2933 vp-lazyload\" alt srcset=\"data:image\/svg+xml;base64,PHN2ZyB3aWR0aD0iMzYyIiBoZWlnaHQ9IjQ1NCIgdmlld0JveD0iMCAwIDM2MiA0NTQiIGZpbGw9Im5vbmUiIHhtbG5zPSJodHRwOi8vd3d3LnczLm9yZy8yMDAwL3N2ZyI+PC9zdmc+\" data-src=\"https:\/\/laiabadenas.com\/wp-content\/uploads\/Captura-de-pantalla-2025-10-16-a-les-7.56.15.png\" data-srcset=\"https:\/\/laiabadenas.com\/wp-content\/uploads\/Captura-de-pantalla-2025-10-16-a-les-7.56.15.png 362w, https:\/\/laiabadenas.com\/wp-content\/uploads\/Captura-de-pantalla-2025-10-16-a-les-7.56.15-239x300.png 239w, https:\/\/laiabadenas.com\/wp-content\/uploads\/Captura-de-pantalla-2025-10-16-a-les-7.56.15-10x12.png 10w\" data-sizes=\"auto\" loading=\"eager\">\n\t\t\t<\/div>\n<\/div>\n\t<div class=\"vp-portfolio__item-overlay\">\n\t\t\t<span\t\t class=\"vp-portfolio__item-meta\" \t>\n\t\t\t<\/span>\t<\/div>\n\t\t\t\t<\/figure>\n\t\t\t\t\t<\/div>\n\t\t\n\t\t<div\t\tclass=\"vp-portfolio__item-wrap vp-portfolio__item-uid-e82b4b28\" data-vp-filter=\"\" \t\t>\n\t\t\t\t\t\t\t\t\t<figure class=\"vp-portfolio__item\">\n\t\t\t\t\n<div class=\"vp-portfolio__item-img-wrap\">\n\t<div class=\"vp-portfolio__item-img\">\n\t\t\n\t\t<noscript><img loading=\"lazy\" decoding=\"async\" width=\"402\" height=\"504\" data-skip-lazy src=\"https:\/\/laiabadenas.com\/wp-content\/uploads\/Captura-de-pantalla-2025-10-16-a-les-7.57.40.png\" class=\"wp-image-2934\" alt=\"\" srcset=\"https:\/\/laiabadenas.com\/wp-content\/uploads\/Captura-de-pantalla-2025-10-16-a-les-7.57.40.png 402w, https:\/\/laiabadenas.com\/wp-content\/uploads\/Captura-de-pantalla-2025-10-16-a-les-7.57.40-239x300.png 239w, https:\/\/laiabadenas.com\/wp-content\/uploads\/Captura-de-pantalla-2025-10-16-a-les-7.57.40-10x12.png 10w\" sizes=\"(max-width: 402px) 100vw, 402px\" \/><\/noscript><img decoding=\"async\" width=\"402\" height=\"504\" src=\"https:\/\/laiabadenas.com\/wp-content\/uploads\/Captura-de-pantalla-2025-10-16-a-les-7.57.40.png\" class=\"wp-image-2934 vp-lazyload\" alt srcset=\"data:image\/svg+xml;base64,PHN2ZyB3aWR0aD0iNDAyIiBoZWlnaHQ9IjUwNCIgdmlld0JveD0iMCAwIDQwMiA1MDQiIGZpbGw9Im5vbmUiIHhtbG5zPSJodHRwOi8vd3d3LnczLm9yZy8yMDAwL3N2ZyI+PC9zdmc+\" data-src=\"https:\/\/laiabadenas.com\/wp-content\/uploads\/Captura-de-pantalla-2025-10-16-a-les-7.57.40.png\" data-srcset=\"https:\/\/laiabadenas.com\/wp-content\/uploads\/Captura-de-pantalla-2025-10-16-a-les-7.57.40.png 402w, https:\/\/laiabadenas.com\/wp-content\/uploads\/Captura-de-pantalla-2025-10-16-a-les-7.57.40-239x300.png 239w, https:\/\/laiabadenas.com\/wp-content\/uploads\/Captura-de-pantalla-2025-10-16-a-les-7.57.40-10x12.png 10w\" data-sizes=\"auto\" loading=\"eager\">\n\t\t\t<\/div>\n<\/div>\n\t<div class=\"vp-portfolio__item-overlay\">\n\t\t\t<span\t\t class=\"vp-portfolio__item-meta\" \t>\n\t\t\t<\/span>\t<\/div>\n\t\t\t\t<\/figure>\n\t\t\t\t\t<\/div>\n\t\t\n\t\t<div\t\tclass=\"vp-portfolio__item-wrap vp-portfolio__item-uid-a24c520e\" data-vp-filter=\"\" \t\t>\n\t\t\t\t\t\t\t\t\t<figure class=\"vp-portfolio__item\">\n\t\t\t\t\n<div class=\"vp-portfolio__item-img-wrap\">\n\t<div class=\"vp-portfolio__item-img\">\n\t\t\n\t\t<noscript><img loading=\"lazy\" decoding=\"async\" width=\"974\" height=\"1222\" data-skip-lazy src=\"https:\/\/laiabadenas.com\/wp-content\/uploads\/Captura-de-pantalla-2025-10-16-a-les-8.02.03.png\" class=\"wp-image-2935\" alt=\"\" srcset=\"https:\/\/laiabadenas.com\/wp-content\/uploads\/Captura-de-pantalla-2025-10-16-a-les-8.02.03.png 974w, https:\/\/laiabadenas.com\/wp-content\/uploads\/Captura-de-pantalla-2025-10-16-a-les-8.02.03-239x300.png 239w, https:\/\/laiabadenas.com\/wp-content\/uploads\/Captura-de-pantalla-2025-10-16-a-les-8.02.03-816x1024.png 816w, https:\/\/laiabadenas.com\/wp-content\/uploads\/Captura-de-pantalla-2025-10-16-a-les-8.02.03-768x964.png 768w, https:\/\/laiabadenas.com\/wp-content\/uploads\/Captura-de-pantalla-2025-10-16-a-les-8.02.03-10x12.png 10w, https:\/\/laiabadenas.com\/wp-content\/uploads\/Captura-de-pantalla-2025-10-16-a-les-8.02.03-500x627.png 500w, https:\/\/laiabadenas.com\/wp-content\/uploads\/Captura-de-pantalla-2025-10-16-a-les-8.02.03-800x1004.png 800w, https:\/\/laiabadenas.com\/wp-content\/uploads\/Captura-de-pantalla-2025-10-16-a-les-8.02.03-600x753.png 600w\" sizes=\"(max-width: 974px) 100vw, 974px\" \/><\/noscript><img decoding=\"async\" width=\"974\" height=\"1222\" src=\"https:\/\/laiabadenas.com\/wp-content\/uploads\/Captura-de-pantalla-2025-10-16-a-les-8.02.03.png\" class=\"wp-image-2935 vp-lazyload\" alt srcset=\"data:image\/svg+xml;base64,PHN2ZyB3aWR0aD0iOTc0IiBoZWlnaHQ9IjEyMjIiIHZpZXdCb3g9IjAgMCA5NzQgMTIyMiIgZmlsbD0ibm9uZSIgeG1sbnM9Imh0dHA6Ly93d3cudzMub3JnLzIwMDAvc3ZnIj48L3N2Zz4=\" data-src=\"https:\/\/laiabadenas.com\/wp-content\/uploads\/Captura-de-pantalla-2025-10-16-a-les-8.02.03.png\" data-srcset=\"https:\/\/laiabadenas.com\/wp-content\/uploads\/Captura-de-pantalla-2025-10-16-a-les-8.02.03.png 974w, https:\/\/laiabadenas.com\/wp-content\/uploads\/Captura-de-pantalla-2025-10-16-a-les-8.02.03-239x300.png 239w, https:\/\/laiabadenas.com\/wp-content\/uploads\/Captura-de-pantalla-2025-10-16-a-les-8.02.03-816x1024.png 816w, https:\/\/laiabadenas.com\/wp-content\/uploads\/Captura-de-pantalla-2025-10-16-a-les-8.02.03-768x964.png 768w, https:\/\/laiabadenas.com\/wp-content\/uploads\/Captura-de-pantalla-2025-10-16-a-les-8.02.03-10x12.png 10w, https:\/\/laiabadenas.com\/wp-content\/uploads\/Captura-de-pantalla-2025-10-16-a-les-8.02.03-500x627.png 500w, https:\/\/laiabadenas.com\/wp-content\/uploads\/Captura-de-pantalla-2025-10-16-a-les-8.02.03-800x1004.png 800w, https:\/\/laiabadenas.com\/wp-content\/uploads\/Captura-de-pantalla-2025-10-16-a-les-8.02.03-600x753.png 600w\" data-sizes=\"auto\" loading=\"eager\">\n\t\t\t<\/div>\n<\/div>\n\t<div class=\"vp-portfolio__item-overlay\">\n\t\t\t<span\t\t class=\"vp-portfolio__item-meta\" \t>\n\t\t\t<\/span>\t<\/div>\n\t\t\t\t<\/figure>\n\t\t\t\t\t<\/div>\n\t\t\n\t\t<div\t\tclass=\"vp-portfolio__item-wrap vp-portfolio__item-uid-8e081bbd\" data-vp-filter=\"\" \t\t>\n\t\t\t\t\t\t\t\t\t<figure class=\"vp-portfolio__item\">\n\t\t\t\t\n<div class=\"vp-portfolio__item-img-wrap\">\n\t<div class=\"vp-portfolio__item-img\">\n\t\t\n\t\t<noscript><img loading=\"lazy\" decoding=\"async\" width=\"1500\" height=\"540\" data-skip-lazy src=\"https:\/\/laiabadenas.com\/wp-content\/uploads\/Captura-de-pantalla-2025-10-31-a-les-10.25.53.png\" class=\"wp-image-2932\" alt=\"\" srcset=\"https:\/\/laiabadenas.com\/wp-content\/uploads\/Captura-de-pantalla-2025-10-31-a-les-10.25.53.png 1500w, https:\/\/laiabadenas.com\/wp-content\/uploads\/Captura-de-pantalla-2025-10-31-a-les-10.25.53-300x108.png 300w, https:\/\/laiabadenas.com\/wp-content\/uploads\/Captura-de-pantalla-2025-10-31-a-les-10.25.53-1024x369.png 1024w, https:\/\/laiabadenas.com\/wp-content\/uploads\/Captura-de-pantalla-2025-10-31-a-les-10.25.53-768x276.png 768w, https:\/\/laiabadenas.com\/wp-content\/uploads\/Captura-de-pantalla-2025-10-31-a-les-10.25.53-18x6.png 18w, https:\/\/laiabadenas.com\/wp-content\/uploads\/Captura-de-pantalla-2025-10-31-a-les-10.25.53-500x180.png 500w, https:\/\/laiabadenas.com\/wp-content\/uploads\/Captura-de-pantalla-2025-10-31-a-les-10.25.53-800x288.png 800w, https:\/\/laiabadenas.com\/wp-content\/uploads\/Captura-de-pantalla-2025-10-31-a-les-10.25.53-1280x461.png 1280w, https:\/\/laiabadenas.com\/wp-content\/uploads\/Captura-de-pantalla-2025-10-31-a-les-10.25.53-600x216.png 600w\" sizes=\"(max-width: 1500px) 100vw, 1500px\" \/><\/noscript><img decoding=\"async\" width=\"1500\" height=\"540\" src=\"https:\/\/laiabadenas.com\/wp-content\/uploads\/Captura-de-pantalla-2025-10-31-a-les-10.25.53.png\" class=\"wp-image-2932 vp-lazyload\" alt srcset=\"data:image\/svg+xml;base64,PHN2ZyB3aWR0aD0iMTUwMCIgaGVpZ2h0PSI1NDAiIHZpZXdCb3g9IjAgMCAxNTAwIDU0MCIgZmlsbD0ibm9uZSIgeG1sbnM9Imh0dHA6Ly93d3cudzMub3JnLzIwMDAvc3ZnIj48L3N2Zz4=\" data-src=\"https:\/\/laiabadenas.com\/wp-content\/uploads\/Captura-de-pantalla-2025-10-31-a-les-10.25.53.png\" data-srcset=\"https:\/\/laiabadenas.com\/wp-content\/uploads\/Captura-de-pantalla-2025-10-31-a-les-10.25.53.png 1500w, https:\/\/laiabadenas.com\/wp-content\/uploads\/Captura-de-pantalla-2025-10-31-a-les-10.25.53-300x108.png 300w, https:\/\/laiabadenas.com\/wp-content\/uploads\/Captura-de-pantalla-2025-10-31-a-les-10.25.53-1024x369.png 1024w, https:\/\/laiabadenas.com\/wp-content\/uploads\/Captura-de-pantalla-2025-10-31-a-les-10.25.53-768x276.png 768w, https:\/\/laiabadenas.com\/wp-content\/uploads\/Captura-de-pantalla-2025-10-31-a-les-10.25.53-18x6.png 18w, https:\/\/laiabadenas.com\/wp-content\/uploads\/Captura-de-pantalla-2025-10-31-a-les-10.25.53-500x180.png 500w, https:\/\/laiabadenas.com\/wp-content\/uploads\/Captura-de-pantalla-2025-10-31-a-les-10.25.53-800x288.png 800w, https:\/\/laiabadenas.com\/wp-content\/uploads\/Captura-de-pantalla-2025-10-31-a-les-10.25.53-1280x461.png 1280w, https:\/\/laiabadenas.com\/wp-content\/uploads\/Captura-de-pantalla-2025-10-31-a-les-10.25.53-600x216.png 600w\" data-sizes=\"auto\" loading=\"eager\">\n\t\t\t<\/div>\n<\/div>\n\t<div class=\"vp-portfolio__item-overlay\">\n\t\t\t<span\t\t class=\"vp-portfolio__item-meta\" \t>\n\t\t\t<\/span>\t<\/div>\n\t\t\t\t<\/figure>\n\t\t\t\t\t<\/div>\n\t\t\n\t\t<div\t\tclass=\"vp-portfolio__item-wrap vp-portfolio__item-uid-3da1dac4\" data-vp-filter=\"\" \t\t>\n\t\t\t\t\t\t\t\t\t<figure class=\"vp-portfolio__item\">\n\t\t\t\t\n<div class=\"vp-portfolio__item-img-wrap\">\n\t<div class=\"vp-portfolio__item-img\">\n\t\t\n\t\t<noscript><img loading=\"lazy\" decoding=\"async\" width=\"1124\" height=\"848\" data-skip-lazy src=\"https:\/\/laiabadenas.com\/wp-content\/uploads\/Captura-de-pantalla-2025-10-31-a-les-10.25.21.png\" class=\"wp-image-2929\" alt=\"\" srcset=\"https:\/\/laiabadenas.com\/wp-content\/uploads\/Captura-de-pantalla-2025-10-31-a-les-10.25.21.png 1124w, https:\/\/laiabadenas.com\/wp-content\/uploads\/Captura-de-pantalla-2025-10-31-a-les-10.25.21-300x226.png 300w, https:\/\/laiabadenas.com\/wp-content\/uploads\/Captura-de-pantalla-2025-10-31-a-les-10.25.21-1024x773.png 1024w, https:\/\/laiabadenas.com\/wp-content\/uploads\/Captura-de-pantalla-2025-10-31-a-les-10.25.21-768x579.png 768w, https:\/\/laiabadenas.com\/wp-content\/uploads\/Captura-de-pantalla-2025-10-31-a-les-10.25.21-16x12.png 16w, https:\/\/laiabadenas.com\/wp-content\/uploads\/Captura-de-pantalla-2025-10-31-a-les-10.25.21-500x377.png 500w, https:\/\/laiabadenas.com\/wp-content\/uploads\/Captura-de-pantalla-2025-10-31-a-les-10.25.21-800x604.png 800w, https:\/\/laiabadenas.com\/wp-content\/uploads\/Captura-de-pantalla-2025-10-31-a-les-10.25.21-600x453.png 600w\" sizes=\"(max-width: 1124px) 100vw, 1124px\" \/><\/noscript><img decoding=\"async\" width=\"1124\" height=\"848\" src=\"https:\/\/laiabadenas.com\/wp-content\/uploads\/Captura-de-pantalla-2025-10-31-a-les-10.25.21.png\" class=\"wp-image-2929 vp-lazyload\" alt srcset=\"data:image\/svg+xml;base64,PHN2ZyB3aWR0aD0iMTEyNCIgaGVpZ2h0PSI4NDgiIHZpZXdCb3g9IjAgMCAxMTI0IDg0OCIgZmlsbD0ibm9uZSIgeG1sbnM9Imh0dHA6Ly93d3cudzMub3JnLzIwMDAvc3ZnIj48L3N2Zz4=\" data-src=\"https:\/\/laiabadenas.com\/wp-content\/uploads\/Captura-de-pantalla-2025-10-31-a-les-10.25.21.png\" data-srcset=\"https:\/\/laiabadenas.com\/wp-content\/uploads\/Captura-de-pantalla-2025-10-31-a-les-10.25.21.png 1124w, https:\/\/laiabadenas.com\/wp-content\/uploads\/Captura-de-pantalla-2025-10-31-a-les-10.25.21-300x226.png 300w, https:\/\/laiabadenas.com\/wp-content\/uploads\/Captura-de-pantalla-2025-10-31-a-les-10.25.21-1024x773.png 1024w, https:\/\/laiabadenas.com\/wp-content\/uploads\/Captura-de-pantalla-2025-10-31-a-les-10.25.21-768x579.png 768w, https:\/\/laiabadenas.com\/wp-content\/uploads\/Captura-de-pantalla-2025-10-31-a-les-10.25.21-16x12.png 16w, https:\/\/laiabadenas.com\/wp-content\/uploads\/Captura-de-pantalla-2025-10-31-a-les-10.25.21-500x377.png 500w, https:\/\/laiabadenas.com\/wp-content\/uploads\/Captura-de-pantalla-2025-10-31-a-les-10.25.21-800x604.png 800w, https:\/\/laiabadenas.com\/wp-content\/uploads\/Captura-de-pantalla-2025-10-31-a-les-10.25.21-600x453.png 600w\" data-sizes=\"auto\" loading=\"eager\">\n\t\t\t<\/div>\n<\/div>\n\t<div class=\"vp-portfolio__item-overlay\">\n\t\t\t<span\t\t class=\"vp-portfolio__item-meta\" \t>\n\t\t\t<\/span>\t<\/div>\n\t\t\t\t<\/figure>\n\t\t\t\t\t<\/div>\n\t\t\n<\/div>\n\t\t<\/div>\n\t\t\n<\/div>\n<\/div>\n\t\t\t\t\t\t<\/div>\n\t\t\t\t<\/div>\n\t\t\t\t\t<\/div>\n\t\t<\/div>\n\t\t\t\t\t<\/div>\n\t\t<\/section>\n\t\t\t\t<\/div>","protected":false},"excerpt":{"rendered":"<p>ARRELS Branding pel centre de fisioter\u00e0pia integrativa i hol\u00edstica Arrels Client: N\u00faria Mart\u00ed Mart\u00ed, Fisioterapeuta\u00a0 \u00a0<\/p>","protected":false},"author":1,"featured_media":0,"parent":0,"menu_order":0,"comment_status":"closed","ping_status":"closed","template":"","meta":{"site-sidebar-layout":"no-sidebar","site-content-layout":"","ast-site-content-layout":"full-width-container","site-content-style":"default","site-sidebar-style":"default","ast-global-header-display":"","ast-banner-title-visibility":"","ast-main-header-display":"","ast-hfb-above-header-display":"","ast-hfb-below-header-display":"","ast-hfb-mobile-header-display":"","site-post-title":"disabled","ast-breadcrumbs-content":"","ast-featured-img":"disabled","footer-sml-layout":"","theme-transparent-header-meta":"","adv-header-id-meta":"","stick-header-meta":"","header-above-stick-meta":"","header-main-stick-meta":"","header-below-stick-meta":"","astra-migrate-meta-layouts":"default","ast-page-background-enabled":"default","ast-page-background-meta":{"desktop":{"background-color":"var(--ast-global-color-4)","background-image":"","background-repeat":"repeat","background-position":"center center","background-size":"auto","background-attachment":"scroll","background-type":"","background-media":"","overlay-type":"","overlay-color":"","overlay-opacity":"","overlay-gradient":""},"tablet":{"background-color":"","background-image":"","background-repeat":"repeat","background-position":"center center","background-size":"auto","background-attachment":"scroll","background-type":"","background-media":"","overlay-type":"","overlay-color":"","overlay-opacity":"","overlay-gradient":""},"mobile":{"background-color":"","background-image":"","background-repeat":"repeat","background-position":"center center","background-size":"auto","background-attachment":"scroll","background-type":"","background-media":"","overlay-type":"","overlay-color":"","overlay-opacity":"","overlay-gradient":""}},"ast-content-background-meta":{"desktop":{"background-color":"var(--ast-global-color-5)","background-image":"","background-repeat":"repeat","background-position":"center center","background-size":"auto","background-attachment":"scroll","background-type":"","background-media":"","overlay-type":"","overlay-color":"","overlay-opacity":"","overlay-gradient":""},"tablet":{"background-color":"var(--ast-global-color-5)","background-image":"","background-repeat":"repeat","background-position":"center center","background-size":"auto","background-attachment":"scroll","background-type":"","background-media":"","overlay-type":"","overlay-color":"","overlay-opacity":"","overlay-gradient":""},"mobile":{"background-color":"var(--ast-global-color-5)","background-image":"","background-repeat":"repeat","background-position":"center center","background-size":"auto","background-attachment":"scroll","background-type":"","background-media":"","overlay-type":"","overlay-color":"","overlay-opacity":"","overlay-gradient":""}},"_vp_format_video_url":"","_vp_image_focal_point":[],"footnotes":""},"class_list":["post-2926","page","type-page","status-publish","hentry"],"_links":{"self":[{"href":"https:\/\/laiabadenas.com\/eng\/wp-json\/wp\/v2\/pages\/2926"}],"collection":[{"href":"https:\/\/laiabadenas.com\/eng\/wp-json\/wp\/v2\/pages"}],"about":[{"href":"https:\/\/laiabadenas.com\/eng\/wp-json\/wp\/v2\/types\/page"}],"author":[{"embeddable":true,"href":"https:\/\/laiabadenas.com\/eng\/wp-json\/wp\/v2\/users\/1"}],"replies":[{"embeddable":true,"href":"https:\/\/laiabadenas.com\/eng\/wp-json\/wp\/v2\/comments?post=2926"}],"version-history":[{"count":22,"href":"https:\/\/laiabadenas.com\/eng\/wp-json\/wp\/v2\/pages\/2926\/revisions"}],"predecessor-version":[{"id":2991,"href":"https:\/\/laiabadenas.com\/eng\/wp-json\/wp\/v2\/pages\/2926\/revisions\/2991"}],"wp:attachment":[{"href":"https:\/\/laiabadenas.com\/eng\/wp-json\/wp\/v2\/media?parent=2926"}],"curies":[{"name":"wp","href":"https:\/\/api.w.org\/{rel}","templated":true}]}}