{"id":79,"date":"2020-09-29T12:11:39","date_gmt":"2020-09-29T10:11:39","guid":{"rendered":"http:\/\/laiabadenas.com\/?page_id=79"},"modified":"2025-10-31T10:06:32","modified_gmt":"2025-10-31T09:06:32","slug":"contacte","status":"publish","type":"page","link":"https:\/\/laiabadenas.com\/eng\/contacte\/","title":{"rendered":"Contact"},"content":{"rendered":"<div data-elementor-type=\"wp-page\" data-elementor-id=\"79\" class=\"elementor elementor-79\">\n\t\t\t\t\t\t<section class=\"elementor-section elementor-top-section elementor-element elementor-element-a22fd3c elementor-section-boxed elementor-section-height-default elementor-section-height-default\" data-id=\"a22fd3c\" data-element_type=\"section\" data-e-type=\"section\">\n\t\t\t\t\t\t<div class=\"elementor-container elementor-column-gap-default\">\n\t\t\t\t\t<div class=\"elementor-column elementor-col-100 elementor-top-column elementor-element elementor-element-321e2bb\" data-id=\"321e2bb\" data-element_type=\"column\" data-e-type=\"column\">\n\t\t\t<div class=\"elementor-widget-wrap elementor-element-populated\">\n\t\t\t\t\t\t<div class=\"elementor-element elementor-element-3e79555 elementor-widget elementor-widget-spacer\" data-id=\"3e79555\" data-element_type=\"widget\" data-e-type=\"widget\" data-widget_type=\"spacer.default\">\n\t\t\t\t<div class=\"elementor-widget-container\">\n\t\t\t\t\t\t\t<div class=\"elementor-spacer\">\n\t\t\t<div class=\"elementor-spacer-inner\"><\/div>\n\t\t<\/div>\n\t\t\t\t\t\t<\/div>\n\t\t\t\t<\/div>\n\t\t\t\t\t<\/div>\n\t\t<\/div>\n\t\t\t\t\t<\/div>\n\t\t<\/section>\n\t\t\t\t<section class=\"elementor-section elementor-top-section elementor-element elementor-element-6746a0b elementor-section-boxed elementor-section-height-default elementor-section-height-default\" data-id=\"6746a0b\" data-element_type=\"section\" data-e-type=\"section\">\n\t\t\t\t\t\t<div class=\"elementor-container elementor-column-gap-default\">\n\t\t\t\t\t<div class=\"elementor-column elementor-col-50 elementor-top-column elementor-element elementor-element-b8a33a3\" data-id=\"b8a33a3\" data-element_type=\"column\" data-e-type=\"column\">\n\t\t\t<div class=\"elementor-widget-wrap elementor-element-populated\">\n\t\t\t\t\t\t<div class=\"elementor-element elementor-element-05462f1 elementor-widget__width-initial elementor-widget elementor-widget-text-editor\" data-id=\"05462f1\" data-element_type=\"widget\" data-e-type=\"widget\" data-widget_type=\"text-editor.default\">\n\t\t\t\t<div class=\"elementor-widget-container\">\n\t\t\t\t\t\t\t\t\t<p style=\"color: #272626;\">Hola!&nbsp;<\/p>\n<p style=\"color: #272626;\">El meu nom \u00e9s Laia Badenas Mart\u00ed. S\u00f3c una persona creativa que il\u00b7lustra, dissenya, canta, dorm, plora, riu, s&#8217;espanta i podria fer la llista llargu\u00edssima. <span style=\"font-family: var( --e-global-typography-text-font-family ), Sans-serif; font-size: 1rem;\">S\u00f3c una il\u00b7lustradora molt conscienciada amb les emocions capa\u00e7 de baixar-les a conceptes simples i crear personatges. Amb la meva feina aspiro a poder transmetre i inspirar la gent a trav\u00e9s de sentiments compartits, a mostrar una superaci\u00f3 di\u00e0ria per seguir.&nbsp;<\/span><\/p>\n<p style=\"color: #272626;\">Si vols ser part d&#8217;aquest proc\u00e9s creatiu, escriu-me la teva proposta en aquest mail. \ud83d\ude42 laia.badenas@gmail.com<\/p>\n<p style=\"color: #272626;\">Tamb\u00e9 em pots trobar a instagram a @laia_bad.<\/p>\t\t\t\t\t\t\t\t<\/div>\n\t\t\t\t<\/div>\n\t\t\t\t\t<\/div>\n\t\t<\/div>\n\t\t\t\t<div class=\"elementor-column elementor-col-50 elementor-top-column elementor-element elementor-element-695f701\" data-id=\"695f701\" data-element_type=\"column\" data-e-type=\"column\">\n\t\t\t<div class=\"elementor-widget-wrap elementor-element-populated\">\n\t\t\t\t\t\t<div class=\"elementor-element elementor-element-38f9a54 elementor-widget elementor-widget-image\" data-id=\"38f9a54\" data-element_type=\"widget\" data-e-type=\"widget\" data-widget_type=\"image.default\">\n\t\t\t\t<div class=\"elementor-widget-container\">\n\t\t\t\t\t\t\t\t\t\t\t\t\t\t\t<img fetchpriority=\"high\" decoding=\"async\" width=\"985\" height=\"1024\" src=\"https:\/\/laiabadenas.com\/wp-content\/uploads\/IMG_5345-scaled-e1710319815822-985x1024.jpg\" class=\"attachment-large size-large wp-image-2730\" alt=\"\" srcset=\"https:\/\/laiabadenas.com\/wp-content\/uploads\/IMG_5345-scaled-e1710319815822-985x1024.jpg 985w, https:\/\/laiabadenas.com\/wp-content\/uploads\/IMG_5345-scaled-e1710319815822-289x300.jpg 289w, https:\/\/laiabadenas.com\/wp-content\/uploads\/IMG_5345-scaled-e1710319815822-768x798.jpg 768w, https:\/\/laiabadenas.com\/wp-content\/uploads\/IMG_5345-scaled-e1710319815822-1478x1536.jpg 1478w, https:\/\/laiabadenas.com\/wp-content\/uploads\/IMG_5345-scaled-e1710319815822-12x12.jpg 12w, https:\/\/laiabadenas.com\/wp-content\/uploads\/IMG_5345-scaled-e1710319815822-500x520.jpg 500w, https:\/\/laiabadenas.com\/wp-content\/uploads\/IMG_5345-scaled-e1710319815822-800x832.jpg 800w, https:\/\/laiabadenas.com\/wp-content\/uploads\/IMG_5345-scaled-e1710319815822-1280x1331.jpg 1280w, https:\/\/laiabadenas.com\/wp-content\/uploads\/IMG_5345-scaled-e1710319815822-600x624.jpg 600w, https:\/\/laiabadenas.com\/wp-content\/uploads\/IMG_5345-scaled-e1710319815822.jpg 1920w\" sizes=\"(max-width: 985px) 100vw, 985px\" \/>\t\t\t\t\t\t\t\t\t\t\t\t\t\t\t<\/div>\n\t\t\t\t<\/div>\n\t\t\t\t\t<\/div>\n\t\t<\/div>\n\t\t\t\t\t<\/div>\n\t\t<\/section>\n\t\t\t\t<\/div>","protected":false},"excerpt":{"rendered":"<p>Hola!&nbsp; El meu nom \u00e9s Laia Badenas Mart\u00ed. S\u00f3c una persona creativa que il\u00b7lustra, dissenya, canta, dorm, plora, riu, s&#8217;espanta [&hellip;]<\/p>","protected":false},"author":1,"featured_media":0,"parent":0,"menu_order":0,"comment_status":"closed","ping_status":"closed","template":"","meta":{"site-sidebar-layout":"default","site-content-layout":"","ast-site-content-layout":"","site-content-style":"default","site-sidebar-style":"default","ast-global-header-display":"","ast-banner-title-visibility":"","ast-main-header-display":"","ast-hfb-above-header-display":"","ast-hfb-below-header-display":"","ast-hfb-mobile-header-display":"","site-post-title":"","ast-breadcrumbs-content":"","ast-featured-img":"","footer-sml-layout":"","theme-transparent-header-meta":"","adv-header-id-meta":"","stick-header-meta":"","header-above-stick-meta":"","header-main-stick-meta":"","header-below-stick-meta":"","astra-migrate-meta-layouts":"default","ast-page-background-enabled":"default","ast-page-background-meta":{"desktop":{"background-color":"var(--ast-global-color-4)","background-image":"","background-repeat":"repeat","background-position":"center center","background-size":"auto","background-attachment":"scroll","background-type":"","background-media":"","overlay-type":"","overlay-color":"","overlay-opacity":"","overlay-gradient":""},"tablet":{"background-color":"","background-image":"","background-repeat":"repeat","background-position":"center center","background-size":"auto","background-attachment":"scroll","background-type":"","background-media":"","overlay-type":"","overlay-color":"","overlay-opacity":"","overlay-gradient":""},"mobile":{"background-color":"","background-image":"","background-repeat":"repeat","background-position":"center center","background-size":"auto","background-attachment":"scroll","background-type":"","background-media":"","overlay-type":"","overlay-color":"","overlay-opacity":"","overlay-gradient":""}},"ast-content-background-meta":{"desktop":{"background-color":"var(--ast-global-color-5)","background-image":"","background-repeat":"repeat","background-position":"center center","background-size":"auto","background-attachment":"scroll","background-type":"","background-media":"","overlay-type":"","overlay-color":"","overlay-opacity":"","overlay-gradient":""},"tablet":{"background-color":"var(--ast-global-color-5)","background-image":"","background-repeat":"repeat","background-position":"center center","background-size":"auto","background-attachment":"scroll","background-type":"","background-media":"","overlay-type":"","overlay-color":"","overlay-opacity":"","overlay-gradient":""},"mobile":{"background-color":"var(--ast-global-color-5)","background-image":"","background-repeat":"repeat","background-position":"center center","background-size":"auto","background-attachment":"scroll","background-type":"","background-media":"","overlay-type":"","overlay-color":"","overlay-opacity":"","overlay-gradient":""}},"_vp_format_video_url":"","_vp_image_focal_point":[],"footnotes":""},"class_list":["post-79","page","type-page","status-publish","hentry"],"_links":{"self":[{"href":"https:\/\/laiabadenas.com\/eng\/wp-json\/wp\/v2\/pages\/79"}],"collection":[{"href":"https:\/\/laiabadenas.com\/eng\/wp-json\/wp\/v2\/pages"}],"about":[{"href":"https:\/\/laiabadenas.com\/eng\/wp-json\/wp\/v2\/types\/page"}],"author":[{"embeddable":true,"href":"https:\/\/laiabadenas.com\/eng\/wp-json\/wp\/v2\/users\/1"}],"replies":[{"embeddable":true,"href":"https:\/\/laiabadenas.com\/eng\/wp-json\/wp\/v2\/comments?post=79"}],"version-history":[{"count":47,"href":"https:\/\/laiabadenas.com\/eng\/wp-json\/wp\/v2\/pages\/79\/revisions"}],"predecessor-version":[{"id":2914,"href":"https:\/\/laiabadenas.com\/eng\/wp-json\/wp\/v2\/pages\/79\/revisions\/2914"}],"wp:attachment":[{"href":"https:\/\/laiabadenas.com\/eng\/wp-json\/wp\/v2\/media?parent=79"}],"curies":[{"name":"wp","href":"https:\/\/api.w.org\/{rel}","templated":true}]}}