{"id":2560,"date":"2024-02-01T10:19:48","date_gmt":"2024-02-01T09:19:48","guid":{"rendered":"https:\/\/laiabadenas.com\/?post_type=product&#038;p=2560"},"modified":"2024-02-01T10:26:31","modified_gmt":"2024-02-01T09:26:31","slug":"pantalo-blanc-unique","status":"publish","type":"product","link":"https:\/\/laiabadenas.com\/eng\/botiga\/pantalo-blanc-unique\/","title":{"rendered":"Pantal\u00f3 blanc &#8211; UNIQUE"},"content":{"rendered":"<p>Pantal\u00f3 blanc ajustable estampats en diferents colors. Produits a Matar\u00f3 a partir de mermes d&#8217;empreses t\u00e8xtils. 100% reciclat.<\/p>\n<p>Talles: S i M<br \/>\nPreu: 38\u20ac<\/p>","protected":false},"excerpt":{"rendered":"<p>Pantal\u00f3 blanc ajustable estampats en diferents colors. Produits a Matar\u00f3 a partir de mermes d&#8217;empreses t\u00e8xtils. 100% reciclat. Talles: S [&hellip;]<\/p>","protected":false},"featured_media":2549,"comment_status":"open","ping_status":"closed","template":"","meta":{"site-sidebar-layout":"default","site-content-layout":"","ast-site-content-layout":"","site-content-style":"default","site-sidebar-style":"default","ast-global-header-display":"","ast-banner-title-visibility":"","ast-main-header-display":"","ast-hfb-above-header-display":"","ast-hfb-below-header-display":"","ast-hfb-mobile-header-display":"","site-post-title":"","ast-breadcrumbs-content":"","ast-featured-img":"","footer-sml-layout":"","theme-transparent-header-meta":"","adv-header-id-meta":"","stick-header-meta":"","header-above-stick-meta":"","header-main-stick-meta":"","header-below-stick-meta":"","astra-migrate-meta-layouts":"default","ast-page-background-enabled":"default","ast-page-background-meta":{"desktop":{"background-color":"var(--ast-global-color-4)","background-image":"","background-repeat":"repeat","background-position":"center center","background-size":"auto","background-attachment":"scroll","background-type":"","background-media":"","overlay-type":"","overlay-color":"","overlay-opacity":"","overlay-gradient":""},"tablet":{"background-color":"","background-image":"","background-repeat":"repeat","background-position":"center center","background-size":"auto","background-attachment":"scroll","background-type":"","background-media":"","overlay-type":"","overlay-color":"","overlay-opacity":"","overlay-gradient":""},"mobile":{"background-color":"","background-image":"","background-repeat":"repeat","background-position":"center center","background-size":"auto","background-attachment":"scroll","background-type":"","background-media":"","overlay-type":"","overlay-color":"","overlay-opacity":"","overlay-gradient":""}},"ast-content-background-meta":{"desktop":{"background-color":"var(--ast-global-color-5)","background-image":"","background-repeat":"repeat","background-position":"center center","background-size":"auto","background-attachment":"scroll","background-type":"","background-media":"","overlay-type":"","overlay-color":"","overlay-opacity":"","overlay-gradient":""},"tablet":{"background-color":"var(--ast-global-color-5)","background-image":"","background-repeat":"repeat","background-position":"center center","background-size":"auto","background-attachment":"scroll","background-type":"","background-media":"","overlay-type":"","overlay-color":"","overlay-opacity":"","overlay-gradient":""},"mobile":{"background-color":"var(--ast-global-color-5)","background-image":"","background-repeat":"repeat","background-position":"center center","background-size":"auto","background-attachment":"scroll","background-type":"","background-media":"","overlay-type":"","overlay-color":"","overlay-opacity":"","overlay-gradient":""}},"_vp_format_video_url":"","_vp_image_focal_point":[]},"product_cat":[87,80],"product_tag":[],"class_list":{"0":"post-2560","1":"product","2":"type-product","3":"status-publish","4":"has-post-thumbnail","6":"product_cat-pantalons","7":"product_cat-roba","8":"desktop-align-left","9":"tablet-align-left","10":"mobile-align-left","12":"first","13":"instock","14":"taxable","15":"shipping-taxable","16":"purchasable","17":"product-type-simple"},"_links":{"self":[{"href":"https:\/\/laiabadenas.com\/eng\/wp-json\/wp\/v2\/product\/2560"}],"collection":[{"href":"https:\/\/laiabadenas.com\/eng\/wp-json\/wp\/v2\/product"}],"about":[{"href":"https:\/\/laiabadenas.com\/eng\/wp-json\/wp\/v2\/types\/product"}],"replies":[{"embeddable":true,"href":"https:\/\/laiabadenas.com\/eng\/wp-json\/wp\/v2\/comments?post=2560"}],"wp:featuredmedia":[{"embeddable":true,"href":"https:\/\/laiabadenas.com\/eng\/wp-json\/wp\/v2\/media\/2549"}],"wp:attachment":[{"href":"https:\/\/laiabadenas.com\/eng\/wp-json\/wp\/v2\/media?parent=2560"}],"wp:term":[{"taxonomy":"product_cat","embeddable":true,"href":"https:\/\/laiabadenas.com\/eng\/wp-json\/wp\/v2\/product_cat?post=2560"},{"taxonomy":"product_tag","embeddable":true,"href":"https:\/\/laiabadenas.com\/eng\/wp-json\/wp\/v2\/product_tag?post=2560"}],"curies":[{"name":"wp","href":"https:\/\/api.w.org\/{rel}","templated":true}]}}